{"id":3090,"date":"2024-08-13T11:56:22","date_gmt":"2024-08-13T11:56:22","guid":{"rendered":"https:\/\/corsamotors.ee\/test\/?page_id=3090"},"modified":"2024-08-13T11:59:18","modified_gmt":"2024-08-13T11:59:18","slug":"%d0%ba%d0%b0%d0%bc%d0%bf%d0%b0%d0%bd%d0%b8%d0%b8","status":"publish","type":"page","link":"https:\/\/corsamotors.ee\/test\/ru\/%d0%ba%d0%b0%d0%bc%d0%bf%d0%b0%d0%bd%d0%b8%d0%b8\/","title":{"rendered":"\u041a\u0410\u041c\u041f\u0410\u041d\u0418\u0418"},"content":{"rendered":"\t\t<div data-elementor-type=\"wp-page\" data-elementor-id=\"3090\" class=\"elementor elementor-3090\" data-elementor-post-type=\"page\">\n\t\t\t\t\t\t<section class=\"elementor-section elementor-top-section elementor-element elementor-element-9c1cb1c elementor-section-height-min-height elementor-section-full_width elementor-section-items-bottom elementor-section-stretched elementor-section-height-default\" data-id=\"9c1cb1c\" data-element_type=\"section\" data-settings=\"{&quot;background_background&quot;:&quot;classic&quot;,&quot;stretch_section&quot;:&quot;section-stretched&quot;}\">\n\t\t\t\t\t\t<div class=\"elementor-container elementor-column-gap-no\">\n\t\t\t\t\t<div class=\"elementor-column elementor-col-100 elementor-top-column elementor-element elementor-element-e824f0a animated-fast elementor-invisible\" data-id=\"e824f0a\" data-element_type=\"column\" data-settings=\"{&quot;background_background&quot;:&quot;classic&quot;,&quot;animation&quot;:&quot;fadeInUp&quot;}\">\n\t\t\t<div class=\"elementor-widget-wrap elementor-element-populated\">\n\t\t\t\t\t\t<section class=\"elementor-section elementor-inner-section elementor-element elementor-element-7c02a21 elementor-section-full_width elementor-section-height-min-height elementor-section-height-default\" data-id=\"7c02a21\" data-element_type=\"section\">\n\t\t\t\t\t\t<div class=\"elementor-container elementor-column-gap-default\">\n\t\t\t\t\t<div class=\"elementor-column elementor-col-50 elementor-inner-column elementor-element elementor-element-83a0e42\" data-id=\"83a0e42\" data-element_type=\"column\" data-settings=\"{&quot;background_background&quot;:&quot;gradient&quot;,&quot;animation&quot;:&quot;none&quot;}\">\n\t\t\t<div class=\"elementor-widget-wrap elementor-element-populated\">\n\t\t\t\t\t\t<div class=\"elementor-element elementor-element-6c9ef32 elementor-widget elementor-widget-heading\" data-id=\"6c9ef32\" data-element_type=\"widget\" data-widget_type=\"heading.default\">\n\t\t\t\t<div class=\"elementor-widget-container\">\n\t\t\t\t\t<h1 class=\"elementor-heading-title elementor-size-default\">\u041a\u0430\u043c\u043f\u0430\u043d\u0438\u0438<\/h1>\t\t\t\t<\/div>\n\t\t\t\t<\/div>\n\t\t\t\t\t<\/div>\n\t\t<\/div>\n\t\t\t\t<div class=\"elementor-column elementor-col-50 elementor-inner-column elementor-element elementor-element-8aea85d animated-fast elementor-invisible\" data-id=\"8aea85d\" data-element_type=\"column\" data-settings=\"{&quot;background_background&quot;:&quot;classic&quot;,&quot;animation&quot;:&quot;slideInRight&quot;,&quot;animation_delay&quot;:550}\">\n\t\t\t<div class=\"elementor-widget-wrap elementor-element-populated\">\n\t\t\t\t\t\t<div class=\"elementor-element elementor-element-9fc8603 elementor-widget elementor-widget-heading\" data-id=\"9fc8603\" data-element_type=\"widget\" data-widget_type=\"heading.default\">\n\t\t\t\t<div class=\"elementor-widget-container\">\n\t\t\t\t\t<h3 class=\"elementor-heading-title elementor-size-default\">\u0413\u0414\u0415 \u041c\u042b \u041d\u0410\u0425\u041e\u0414\u0418\u041c\u0421\u042f<\/h3>\t\t\t\t<\/div>\n\t\t\t\t<\/div>\n\t\t\t\t<div class=\"elementor-element elementor-element-bd8b975 elementor-mobile-align-center elementor-icon-list--layout-traditional elementor-list-item-link-full_width elementor-widget elementor-widget-icon-list\" data-id=\"bd8b975\" data-element_type=\"widget\" data-widget_type=\"icon-list.default\">\n\t\t\t\t<div class=\"elementor-widget-container\">\n\t\t\t\t\t\t\t<ul class=\"elementor-icon-list-items\">\n\t\t\t\t\t\t\t<li class=\"elementor-icon-list-item\">\n\t\t\t\t\t\t\t\t\t\t<span class=\"elementor-icon-list-text\">Corsa Motors O\u00dc<\/span>\n\t\t\t\t\t\t\t\t\t<\/li>\n\t\t\t\t\t\t\t\t<li class=\"elementor-icon-list-item\">\n\t\t\t\t\t\t\t\t\t\t<span class=\"elementor-icon-list-text\">Angerja tee 38, H\u00fc\u00fcru<\/span>\n\t\t\t\t\t\t\t\t\t<\/li>\n\t\t\t\t\t\t\t\t<li class=\"elementor-icon-list-item\">\n\t\t\t\t\t\t\t\t\t\t<span class=\"elementor-icon-list-text\">\u041f\u043d. - \u041f\u0442. 8:00 - 17:00<\/span>\n\t\t\t\t\t\t\t\t\t<\/li>\n\t\t\t\t\t\t\t\t<li class=\"elementor-icon-list-item\">\n\t\t\t\t\t\t\t\t\t\t<span class=\"elementor-icon-list-text\">+372 5070388<\/span>\n\t\t\t\t\t\t\t\t\t<\/li>\n\t\t\t\t\t\t<\/ul>\n\t\t\t\t\t\t<\/div>\n\t\t\t\t<\/div>\n\t\t\t\t\t<\/div>\n\t\t<\/div>\n\t\t\t\t\t<\/div>\n\t\t<\/section>\n\t\t\t\t\t<\/div>\n\t\t<\/div>\n\t\t\t\t\t<\/div>\n\t\t<\/section>\n\t\t\t\t<section class=\"elementor-section elementor-top-section elementor-element elementor-element-cb134e3 elementor-section-height-min-height elementor-section-full_width elementor-section-items-stretch elementor-reverse-mobile elementor-section-stretched elementor-hidden-desktop elementor-hidden-tablet elementor-hidden-mobile elementor-section-height-default\" data-id=\"cb134e3\" data-element_type=\"section\" data-settings=\"{&quot;background_background&quot;:&quot;classic&quot;,&quot;stretch_section&quot;:&quot;section-stretched&quot;}\">\n\t\t\t\t\t\t<div class=\"elementor-container elementor-column-gap-default\">\n\t\t\t\t\t<div class=\"elementor-column elementor-col-50 elementor-top-column elementor-element elementor-element-6beb519\" data-id=\"6beb519\" data-element_type=\"column\" data-settings=\"{&quot;background_background&quot;:&quot;classic&quot;}\">\n\t\t\t<div class=\"elementor-widget-wrap elementor-element-populated\">\n\t\t\t\t\t\t<div class=\"elementor-element elementor-element-cf1aaad animated-fast elementor-invisible elementor-widget elementor-widget-heading\" data-id=\"cf1aaad\" data-element_type=\"widget\" data-settings=\"{&quot;_animation&quot;:&quot;fadeInLeft&quot;}\" data-widget_type=\"heading.default\">\n\t\t\t\t<div class=\"elementor-widget-container\">\n\t\t\t\t\t<h3 class=\"elementor-heading-title elementor-size-default\">JAGUAR JA LAND ROVER 2.0 DIISEL MOOTORIKETTIDE VAHETUS<\/h3>\t\t\t\t<\/div>\n\t\t\t\t<\/div>\n\t\t\t\t<div class=\"elementor-element elementor-element-e41bec8 elementor-widget elementor-widget-text-editor\" data-id=\"e41bec8\" data-element_type=\"widget\" data-widget_type=\"text-editor.default\">\n\t\t\t\t<div class=\"elementor-widget-container\">\n\t\t\t\t\t\t\t\t\t<p><span style=\"font-weight: 400;\">Jaguar ja Land Rover 2,0 diiselmootorite k\u00e4ivitamisel tekkiv k\u00f5rvaline heli on reeglina seotud mootorikettide venimisega. Kui viga on juba s\u00fcvenenud, siis v\u00f5ib seda k\u00f5rvalist heli kuulda kogu mootori t\u00f6\u00f6tamise ajal.<\/span><\/p><p><span style=\"font-weight: 400;\">Kettide venimise probleem v\u00f5ib tekkida erinevate l\u00e4bis\u00f5itude juures- oleneb s\u00f5idustiilist, \u00f5livahetusv\u00e4lpade pikkusest ning auto kasutustingimustest. Kui mootorit on hooldatud pigem tihemini kui tehas ette n\u00e4eb ja kui s\u00f5idukit kasutatakse rohkem maantees\u00f5itudeks, siis v\u00f5ib keti eluiga olla kordades pikem, kui pika hooldev\u00e4lbaga linnaautol.<\/span><\/p><p><span style=\"font-weight: 400;\">Mootoriketi venimine on v\u00f5rdlemisi ohtlik viga, mida ignoreerides v\u00f5ib j\u00f5uda keti purunemiseni v\u00f5i hambumusest v\u00e4ljah\u00fcppamiseni. Mis omakorda p\u00f5hjustab suuremat sorti ning kallihinnalise mootoririkke.<\/span><\/p><p><span style=\"font-weight: 400;\">Seega soovitame juba esimeste avalduvate s\u00fcmptomite puhul tulla meie juurde autoga kontrolli, et v\u00e4ltida v\u00f5imalikke suuremaid mootoririkkeid.<\/span><\/p>\t\t\t\t\t\t\t\t<\/div>\n\t\t\t\t<\/div>\n\t\t\t\t\t<\/div>\n\t\t<\/div>\n\t\t\t\t<div class=\"elementor-column elementor-col-50 elementor-top-column elementor-element elementor-element-979945b\" data-id=\"979945b\" data-element_type=\"column\" data-settings=\"{&quot;background_background&quot;:&quot;classic&quot;}\">\n\t\t\t<div class=\"elementor-widget-wrap elementor-element-populated\">\n\t\t\t\t\t\t<div class=\"elementor-element elementor-element-5d4df0c elementor-widget elementor-widget-spacer\" data-id=\"5d4df0c\" data-element_type=\"widget\" data-widget_type=\"spacer.default\">\n\t\t\t\t<div class=\"elementor-widget-container\">\n\t\t\t\t\t\t\t<div class=\"elementor-spacer\">\n\t\t\t<div class=\"elementor-spacer-inner\"><\/div>\n\t\t<\/div>\n\t\t\t\t\t\t<\/div>\n\t\t\t\t<\/div>\n\t\t\t\t\t<\/div>\n\t\t<\/div>\n\t\t\t\t\t<\/div>\n\t\t<\/section>\n\t\t\t\t<section class=\"elementor-section elementor-top-section elementor-element elementor-element-c8e04ec elementor-section-height-min-height elementor-section-full_width elementor-section-items-stretch elementor-section-stretched elementor-section-height-default\" data-id=\"c8e04ec\" data-element_type=\"section\" data-settings=\"{&quot;background_background&quot;:&quot;classic&quot;,&quot;stretch_section&quot;:&quot;section-stretched&quot;}\">\n\t\t\t\t\t\t<div class=\"elementor-container elementor-column-gap-default\">\n\t\t\t\t\t<div class=\"elementor-column elementor-col-50 elementor-top-column elementor-element elementor-element-3afb320\" data-id=\"3afb320\" data-element_type=\"column\" data-settings=\"{&quot;background_background&quot;:&quot;classic&quot;}\">\n\t\t\t<div class=\"elementor-widget-wrap elementor-element-populated\">\n\t\t\t\t\t\t<div class=\"elementor-element elementor-element-b433588 elementor-widget elementor-widget-spacer\" data-id=\"b433588\" data-element_type=\"widget\" data-widget_type=\"spacer.default\">\n\t\t\t\t<div class=\"elementor-widget-container\">\n\t\t\t\t\t\t\t<div class=\"elementor-spacer\">\n\t\t\t<div class=\"elementor-spacer-inner\"><\/div>\n\t\t<\/div>\n\t\t\t\t\t\t<\/div>\n\t\t\t\t<\/div>\n\t\t\t\t\t<\/div>\n\t\t<\/div>\n\t\t\t\t<div class=\"elementor-column elementor-col-50 elementor-top-column elementor-element elementor-element-1550c33\" data-id=\"1550c33\" data-element_type=\"column\" data-settings=\"{&quot;background_background&quot;:&quot;classic&quot;}\">\n\t\t\t<div class=\"elementor-widget-wrap elementor-element-populated\">\n\t\t\t\t\t\t<div class=\"elementor-element elementor-element-37f0e32 animated-fast elementor-invisible elementor-widget elementor-widget-heading\" data-id=\"37f0e32\" data-element_type=\"widget\" data-settings=\"{&quot;_animation&quot;:&quot;fadeInLeft&quot;}\" data-widget_type=\"heading.default\">\n\t\t\t\t<div class=\"elementor-widget-container\">\n\t\t\t\t\t<h3 class=\"elementor-heading-title elementor-size-default\">\u0420\u0435\u0448\u0435\u043d\u0438\u0435 \u043f\u0440\u043e\u0431\u043b\u0435\u043c\u044b \u0440\u0430\u0441\u0445\u043e\u0434\u0430 \u043c\u0430\u0441\u043b\u0430 \u0432 \u0434\u0432\u0438\u0433\u0430\u0442\u0435\u043b\u044f\u0445 VW T6 2,0 BiTdi 150 \u043a\u0412\u0442<\/h3>\t\t\t\t<\/div>\n\t\t\t\t<\/div>\n\t\t\t\t<div class=\"elementor-element elementor-element-2480fa0 elementor-widget elementor-widget-text-editor\" data-id=\"2480fa0\" data-element_type=\"widget\" data-widget_type=\"text-editor.default\">\n\t\t\t\t<div class=\"elementor-widget-container\">\n\t\t\t\t\t\t\t\t\t<p>\u0414\u043b\u044f \u0434\u0432\u0438\u0433\u0430\u0442\u0435\u043b\u0435\u0439 VW T6 \u043e\u0431\u044a\u0451\u043c\u043e\u043c 2 \u043b\u0438\u0442\u0440\u0430 \u0438 \u043c\u043e\u0449\u043d\u043e\u0441\u0442\u044c\u044e 150 \u043a\u0412\u0442 \u0441 \u0434\u0432\u0443\u043c\u044f \u0442\u0443\u0440\u0431\u0438\u043d\u0430\u043c\u0438 \u0448\u0438\u0440\u043e\u043a\u043e \u0440\u0430\u0441\u043f\u0440\u043e\u0441\u0442\u0440\u0430\u043d\u0435\u043d\u0430 \u043f\u0440\u043e\u0431\u043b\u0435\u043c\u0430 \u0432\u0441\u0451 \u0431\u043e\u043b\u0435\u0435 \u043f\u043e\u0432\u044b\u0448\u0430\u044e\u0449\u0435\u0433\u043e\u0441\u044f \u0442\u0435\u043c\u043f\u0430 \u0440\u0430\u0441\u0445\u043e\u0434\u0430 \u043c\u0430\u0441\u043b\u0430. \u0417\u0430\u0447\u0430\u0441\u0442\u0443\u044e \u043a \u043d\u0430\u043c \u043e\u0431\u0440\u0430\u0449\u0430\u044e\u0442\u0441\u044f \u043a\u043b\u0438\u0435\u043d\u0442\u044b \u0441\u043e \u0441\u0432\u043e\u0438\u043c\u0438 Multivan, Caravelle v\u00f5i Transporter, \u0432 \u043a\u043e\u0442\u043e\u0440\u044b\u0445 \u0440\u0430\u0441\u0445\u043e\u0434 \u043c\u0430\u0441\u043b\u0430 \u0434\u043e\u0441\u0442\u0438\u0433\u0430\u0435\u0442 1 \u043b\u0438\u0442\u0440\u0430 \u043d\u0430 500 \u043a\u043c.\u00a0<br \/><span style=\"font-style: inherit; font-weight: inherit;\">\u0418\u0433\u043d\u043e\u0440\u0438\u0440\u043e\u0432\u0430\u043d\u0438\u0435 \u0438\u043d\u0442\u0435\u043d\u0441\u0438\u0432\u043d\u043e\u0433\u043e \u0440\u0430\u0441\u0445\u043e\u0434\u0430 \u043c\u0430\u0441\u043b\u0430 \u043c\u043e\u0436\u0435\u0442 \u043f\u0440\u0438\u0432\u0435\u0441\u0442\u0438 \u043a \u0431\u043e\u043b\u0435\u0435 \u043a\u0440\u0443\u043f\u043d\u044b\u043c \u043d\u0435\u0438\u0441\u043f\u0440\u0430\u0432\u043d\u043e\u0441\u0442\u044f\u043c \u0434\u0432\u0438\u0433\u0430\u0442\u0435\u043b\u044f \u0438\u043b\u0438 \u0432\u044b\u0445\u043b\u043e\u043f\u043d\u043e\u0439 \u0441\u0438\u0441\u0442\u0435\u043c\u044b.<br \/><\/span><span style=\"font-style: inherit;\">\u041a\u043e\u0440\u0435\u043d\u044c \u043f\u0440\u043e\u0431\u043b\u0435\u043c\u044b \u043b\u0435\u0436\u0438\u0442 \u0432 \u0438\u0437\u043d\u0430\u0448\u0438\u0432\u0430\u044e\u0449\u0438\u0445\u0441\u044f \u0446\u0438\u043b\u0438\u043d\u0434\u0440\u0430\u0445, \u043f\u043e\u0440\u0448\u043d\u044f\u0445 \u0438 \u043f\u043e\u0440\u0448\u043d\u0435\u0432\u044b\u0445 \u043a\u043e\u043b\u044c\u0446\u0430\u0445. \u0412 \u0445\u043e\u0434\u0435 \u0440\u0435\u043c\u043e\u043d\u0442\u0430 \u043c\u044b \u0440\u0430\u0441\u0441\u043c\u0430\u0442\u0440\u0438\u0432\u0430\u0435\u043c \u0434\u0432\u0438\u0433\u0430\u0442\u0435\u043b\u044c \u043a\u0430\u043a \u0435\u0434\u0438\u043d\u043e\u0435 \u0446\u0435\u043b\u043e\u0435 \u0438 \u0432\u043e\u0441\u0441\u0442\u0430\u043d\u0430\u0432\u043b\u0438\u0432\u0430\u0435\u043c \u043d\u0435 \u0442\u043e\u043b\u044c\u043a\u043e \u0443\u0437\u043b\u044b, \u044f\u0432\u043b\u044f\u044e\u0449\u0438\u0435\u0441\u044f \u043f\u0440\u0438\u0447\u0438\u043d\u043e\u0439 \u0440\u0430\u0441\u0445\u043e\u0434\u0430 \u043c\u0430\u0441\u043b\u0430, \u043d\u043e \u0438 \u043e\u0441\u0442\u0430\u043b\u044c\u043d\u044b\u0435 \u0434\u0435\u0442\u0430\u043b\u0438, \u0447\u0442\u043e\u0431\u044b \u043f\u043e\u0441\u043b\u0435 \u0440\u0435\u043c\u043e\u043d\u0442\u0430 \u043c\u043e\u0442\u043e\u0440 \u043c\u043e\u0436\u043d\u043e \u0431\u044b\u043b\u043e \u0441\u0447\u0438\u0442\u0430\u0442\u044c \u0440\u0430\u0432\u043d\u043e\u0446\u0435\u043d\u043d\u044b\u043c \u043d\u043e\u0432\u043e\u043c\u0443. \u041d\u0430 \u043d\u0430\u0448\u0438 \u0440\u0430\u0431\u043e\u0442\u044b \u043c\u044b \u0434\u0430\u0435\u043c \u0438 \u043a\u043e\u0440\u0440\u0435\u043a\u0442\u043d\u0443\u044e \u0433\u0430\u0440\u0430\u043d\u0442\u0438\u044e \u043d\u0430 2 \u0433\u043e\u0434\u0430 \u0438\u043b\u0438 100 000 \u043a\u043c.<br \/><\/span><span style=\"font-style: inherit;\">\u041a\u0430\u043a \u0438 \u0432 \u0441\u043b\u0443\u0447\u0430\u0435 \u043c\u043d\u043e\u0433\u0438\u0445 \u0434\u0440\u0443\u0433\u0438\u0445 \u043c\u0430\u0440\u043e\u043a \u0438 \u043c\u043e\u0434\u0435\u043b\u0435\u0439 \u0430\u0432\u0442\u043e\u043c\u043e\u0431\u0438\u043b\u0435\u0439, \u0434\u043b\u044f \u043f\u0440\u043e\u0434\u043b\u0435\u043d\u0438\u044f \u0441\u0440\u043e\u043a\u0430 \u0441\u043b\u0443\u0436\u0431\u044b \u0434\u0432\u0438\u0433\u0430\u0442\u0435\u043b\u0435\u0439 VW T6 \u043e\u0447\u0435\u043d\u044c \u0432\u0430\u0436\u043d\u043e \u0447\u0430\u0441\u0442\u043e\u0435 \u043e\u0431\u0441\u043b\u0443\u0436\u0438\u0432\u0430\u043d\u0438\u0435. \u041c\u044b \u0440\u0435\u043a\u043e\u043c\u0435\u043d\u0434\u0443\u0435\u043c \u043f\u0440\u043e\u0438\u0437\u0432\u043e\u0434\u0438\u0442\u044c \u0437\u0430\u043c\u0435\u043d\u0443 \u043c\u043e\u0442\u043e\u0440\u043d\u043e\u0433\u043e \u043c\u0430\u0441\u043b\u0430 \u0447\u0435\u0440\u0435\u0437 \u043a\u0430\u0436\u0434\u044b\u0435 10 000 \u043a\u043c \u043f\u0440\u043e\u0431\u0435\u0433\u0430.<\/span><\/p>\t\t\t\t\t\t\t\t<\/div>\n\t\t\t\t<\/div>\n\t\t\t\t\t<\/div>\n\t\t<\/div>\n\t\t\t\t\t<\/div>\n\t\t<\/section>\n\t\t\t\t<\/div>\n\t\t","protected":false},"excerpt":{"rendered":"<p>\u041a\u0430\u043c\u043f\u0430\u043d\u0438\u0438 \u0413\u0414\u0415 \u041c\u042b \u041d\u0410\u0425\u041e\u0414\u0418\u041c\u0421\u042f Corsa Motors O\u00dc Angerja tee 38, H\u00fc\u00fcru \u041f\u043d. &#8211; \u041f\u0442. 8:00 &#8211; 17:00 +372 5070388 JAGUAR JA LAND ROVER 2.0 DIISEL MOOTORIKETTIDE VAHETUS Jaguar ja Land Rover 2,0 diiselmootorite k\u00e4ivitamisel tekkiv k\u00f5rvaline heli on reeglina seotud mootorikettide venimisega. Kui viga on juba s\u00fcvenenud, siis v\u00f5ib seda k\u00f5rvalist heli kuulda kogu mootori [&hellip;]<\/p>\n","protected":false},"author":3,"featured_media":0,"parent":0,"menu_order":0,"comment_status":"closed","ping_status":"closed","template":"","meta":{"site-sidebar-layout":"no-sidebar","site-content-layout":"page-builder","ast-site-content-layout":"full-width-container","site-content-style":"unboxed","site-sidebar-style":"unboxed","ast-global-header-display":"","ast-banner-title-visibility":"","ast-main-header-display":"","ast-hfb-above-header-display":"","ast-hfb-below-header-display":"","ast-hfb-mobile-header-display":"","site-post-title":"disabled","ast-breadcrumbs-content":"","ast-featured-img":"disabled","footer-sml-layout":"","theme-transparent-header-meta":"default","adv-header-id-meta":"","stick-header-meta":"","header-above-stick-meta":"","header-main-stick-meta":"","header-below-stick-meta":"","astra-migrate-meta-layouts":"set","ast-page-background-enabled":"default","ast-page-background-meta":{"desktop":{"background-color":"","background-image":"","background-repeat":"repeat","background-position":"center center","background-size":"auto","background-attachment":"scroll","background-type":"","background-media":"","overlay-type":"","overlay-color":"","overlay-opacity":"","overlay-gradient":""},"tablet":{"background-color":"","background-image":"","background-repeat":"repeat","background-position":"center center","background-size":"auto","background-attachment":"scroll","background-type":"","background-media":"","overlay-type":"","overlay-color":"","overlay-opacity":"","overlay-gradient":""},"mobile":{"background-color":"","background-image":"","background-repeat":"repeat","background-position":"center center","background-size":"auto","background-attachment":"scroll","background-type":"","background-media":"","overlay-type":"","overlay-color":"","overlay-opacity":"","overlay-gradient":""}},"ast-content-background-meta":{"desktop":{"background-color":"var(--ast-global-color-5)","background-image":"","background-repeat":"repeat","background-position":"center center","background-size":"auto","background-attachment":"scroll","background-type":"","background-media":"","overlay-type":"","overlay-color":"","overlay-opacity":"","overlay-gradient":""},"tablet":{"background-color":"var(--ast-global-color-5)","background-image":"","background-repeat":"repeat","background-position":"center center","background-size":"auto","background-attachment":"scroll","background-type":"","background-media":"","overlay-type":"","overlay-color":"","overlay-opacity":"","overlay-gradient":""},"mobile":{"background-color":"var(--ast-global-color-5)","background-image":"","background-repeat":"repeat","background-position":"center center","background-size":"auto","background-attachment":"scroll","background-type":"","background-media":"","overlay-type":"","overlay-color":"","overlay-opacity":"","overlay-gradient":""}},"footnotes":""},"class_list":["post-3090","page","type-page","status-publish","hentry"],"_links":{"self":[{"href":"https:\/\/corsamotors.ee\/test\/wp-json\/wp\/v2\/pages\/3090","targetHints":{"allow":["GET"]}}],"collection":[{"href":"https:\/\/corsamotors.ee\/test\/wp-json\/wp\/v2\/pages"}],"about":[{"href":"https:\/\/corsamotors.ee\/test\/wp-json\/wp\/v2\/types\/page"}],"author":[{"embeddable":true,"href":"https:\/\/corsamotors.ee\/test\/wp-json\/wp\/v2\/users\/3"}],"replies":[{"embeddable":true,"href":"https:\/\/corsamotors.ee\/test\/wp-json\/wp\/v2\/comments?post=3090"}],"version-history":[{"count":7,"href":"https:\/\/corsamotors.ee\/test\/wp-json\/wp\/v2\/pages\/3090\/revisions"}],"predecessor-version":[{"id":3097,"href":"https:\/\/corsamotors.ee\/test\/wp-json\/wp\/v2\/pages\/3090\/revisions\/3097"}],"wp:attachment":[{"href":"https:\/\/corsamotors.ee\/test\/wp-json\/wp\/v2\/media?parent=3090"}],"curies":[{"name":"wp","href":"https:\/\/api.w.org\/{rel}","templated":true}]}}